{"id":42,"date":"2022-07-09T18:48:42","date_gmt":"2022-07-09T18:48:42","guid":{"rendered":"http:\/\/tokajsystem.pl\/?page_id=42"},"modified":"2023-02-21T18:51:47","modified_gmt":"2023-02-21T18:51:47","slug":"druk-3d","status":"publish","type":"page","link":"https:\/\/tokajsystem.pl\/index.php\/druk-3d\/","title":{"rendered":"Druk 3D"},"content":{"rendered":"\n<p>Tokaj System oferuje druk 3D z wykorzystaniem technologii FDM oraz DLP. <\/p>\n\n\n\n<p><\/p>\n\n\n\n<ol class=\"wp-block-list\">\n<li>FDM (Fused Deposition Modeling)<\/li>\n<\/ol>\n\n\n\n<p>Technologia ta wykorzystuje materia\u0142y termotopliwe o zr\u00f3\u017cnicowanych w\u0142a\u015bciwo\u015bciach fizycznych. Najbardziej rozpowszechniona metoda druku 3D pozwala na tworzenie modeli 3D z r\u00f3\u017cnych materia\u0142\u00f3w takich jak : <br>ABS &#8211; jest twardym i udarnym materia\u0142em bezpiecznym dla cz\u0142owieka, nie toksycznym. Odporny na kwasy, t\u0142uszcze, sole. Nie poch\u0142ania wilgoci i nie odkszta\u0142ca si\u0119 przy zmianie temperatur. Wykorzystywany jest do wytwarzania obud\u00f3w sprz\u0119t\u00f3w RTV\/AGD, plastikowej karoserii aut oraz wymagaj\u0105cych du\u017cej trwa\u0142o\u015bci element\u00f3w.<\/p>\n\n\n\n<p><br>PET\/ PETG &#8211; materia\u0142 o du\u017cej twardo\u015bci i sztywno\u015bci. Odporny na dzia\u0142anie alkoholu, t\u0142uszczu, paliw i innych zwi\u0105zk\u00f3w. Odporny na warunki atmosferyczne, nie jest biodegradowalny jednak doskonale nadaje si\u0119 do recyklingu. Materia\u0142 poddaj\u0105cy si\u0119 obr\u00f3bce oraz zachowuj\u0105cy stabilno\u015b\u0107 wymiarow\u0105. Od lat stosowany w opakowaniach spo\u017cywczych jak i przemy\u015ble samochodowym (uk\u0142ady paliwowe, klimatyzacji)<br>ASA &#8211; w\u0142a\u015bciwo\u015bciami mechanicznymi zbli\u017cony jest do ABS. Ponad to charakteryzuje si\u0119 odporno\u015bci\u0105 na warunki atmosferyczne w tym promieniowanie UV. <br>PLA &#8211; w pewnych warunkach biodegradowalny materia\u0142 wykorzystywany w drukowaniu 3D jak i tworzeniu sztu\u0107c\u00f3w jednorazowych. Ze wzgl\u0119du na w\u0142a\u015bciwo\u015bci bardzo cz\u0119sto wykorzystywany w procesie prototypowania element\u00f3w. \u0141atwy w obr\u00f3bce mo\u017ce by\u0107 z dodatkami i imitowa\u0107 materia\u0142y drewniane, metalowe, gipsowe.<\/p>\n\n\n\n<p>W ramach wykorzystania druku 3D oferujemy obr\u00f3bk\u0119 modeli tj. szlifowanie, wyg\u0142adzanie, malowanie, spawanie, klejenie <br>Wykorzystywane urz\u0105dzenia pozwalaj\u0105 na wydruki o wymiarach 200x200x200mm oraz 297x210x180mm (szeroko\u015b\u0107, g\u0142\u0119boko\u015b\u0107, wysoko\u015b\u0107).<\/p>\n\n\n\n<p>2) DLP (Digital Light Processing)<\/p>\n\n\n\n<p>Technologia ta wykorzystuje materia\u0142 \u015bwiat\u0142oczu\u0142y, kt\u00f3ry twardnieje podczas na\u015bwietlania. Technologia ta zapewnia wysok\u0105 dok\u0142adno\u015b\u0107 dochodz\u0105c\u0105 do 14 um. Wykorzystywana \u017cywica \u015bwiat\u0142oczu\u0142a mo\u017ce mie\u0107 r\u00f3\u017cne kolory i charakteryzuje si\u0119 wysok\u0105 twardo\u015bci\u0105. <\/p>\n\n\n\n<p>Oferta<\/p>\n\n\n\n<p>Oferowane us\u0142ugi druku 3D zawieraj\u0105 pe\u0142ne wsparcie w doborze technologii oraz materiale, z kt\u00f3rego przysz\u0142y wydruk powstanie. <br>Aby uzyska\u0107 wycen\u0119 prosz\u0119 o: <br>przeslanie projektu na adres kontakt@tokajsystem.pl w formacie stl, obj lub innym otwartym formacie 3D, razem z wymiarami. Podaniem preferowanego materia\u0142u oraz koloru. ewentualnych uwag. <br>W odpowiedzi rostanie podana wycena druku 3D.<\/p>\n\n\n\n<p>W kolejnym etapie model zostanie poprawiony i zoptymalizowany we wsp\u00f3\u0142pracy. <br>Po zaakceptowaniu poprawek przez klienta proces drukowania zostanie rozpocz\u0119ty i finalnie dostarczony do zamawiaj\u0105cego. <\/p>\n\n\n\n<p><\/p>\n\n\n\n<p><\/p>\n\n\n\n<p><\/p>\n\n\n\n<p><\/p>\n\n\n\n<p><\/p>\n\n\n\n<p><\/p>\n\n\n\n<p><\/p>\n\n\n\n<p><\/p>\n\n\n\n<p><\/p>\n\n\n\n<p><\/p>\n\n\n\n<p><\/p>\n\n\n\n<p><\/p>\n\n\n\n<p><\/p>\n\n\n\n<p><\/p>\n\n\n\n<p><\/p>\n\n\n\n<p><\/p>\n\n\n\n<p><\/p>\n\n\n\n<p><\/p>\n\n\n\n<p><\/p>\n\n\n\n<p><\/p>\n\n\n\n<p><\/p>\n\n\n\n<p><\/p>\n\n\n\n<p><\/p>\n\n\n\n<p><\/p>\n\n\n\n<p><\/p>\n\n\n\n<p><\/p>\n\n\n\n<p><\/p>\n\n\n\n<p><br><\/p>\n","protected":false},"excerpt":{"rendered":"<p>Tokaj System oferuje druk 3D z wykorzystaniem technologii FDM oraz DLP. Technologia ta wykorzystuje materia\u0142y termotopliwe o zr\u00f3\u017cnicowanych w\u0142a\u015bciwo\u015bciach fizycznych. Najbardziej rozpowszechniona metoda druku 3D pozwala na tworzenie modeli 3D z r\u00f3\u017cnych materia\u0142\u00f3w takich jak : ABS &#8211; jest twardym i udarnym materia\u0142em bezpiecznym dla cz\u0142owieka, nie toksycznym. Odporny na kwasy, t\u0142uszcze, sole. Nie poch\u0142ania&hellip;&nbsp;<a href=\"https:\/\/tokajsystem.pl\/index.php\/druk-3d\/\" class=\"\" rel=\"bookmark\">Read More &raquo;<span class=\"screen-reader-text\">Druk 3D<\/span><\/a><\/p>\n","protected":false},"author":2,"featured_media":0,"parent":0,"menu_order":0,"comment_status":"closed","ping_status":"closed","template":"","meta":{"neve_meta_sidebar":"","neve_meta_container":"","neve_meta_enable_content_width":"","neve_meta_content_width":0,"neve_meta_title_alignment":"","neve_meta_author_avatar":"","neve_post_elements_order":"","neve_meta_disable_header":"","neve_meta_disable_footer":"","neve_meta_disable_title":"","footnotes":""},"class_list":["post-42","page","type-page","status-publish","hentry"],"yoast_head":"<!-- This site is optimized with the Yoast SEO plugin v22.0 - https:\/\/yoast.com\/wordpress\/plugins\/seo\/ -->\n<title>Druk 3D - TOKAJ SYSTEM<\/title>\n<meta name=\"robots\" content=\"index, follow, max-snippet:-1, max-image-preview:large, max-video-preview:-1\" \/>\n<link rel=\"canonical\" href=\"https:\/\/tokajsystem.pl\/index.php\/druk-3d\/\" \/>\n<meta property=\"og:locale\" content=\"en_US\" \/>\n<meta property=\"og:type\" content=\"article\" \/>\n<meta property=\"og:title\" content=\"Druk 3D - TOKAJ SYSTEM\" \/>\n<meta property=\"og:description\" content=\"Tokaj System oferuje druk 3D z wykorzystaniem technologii FDM oraz DLP. Technologia ta wykorzystuje materia\u0142y termotopliwe o zr\u00f3\u017cnicowanych w\u0142a\u015bciwo\u015bciach fizycznych. Najbardziej rozpowszechniona metoda druku 3D pozwala na tworzenie modeli 3D z r\u00f3\u017cnych materia\u0142\u00f3w takich jak : ABS &#8211; jest twardym i udarnym materia\u0142em bezpiecznym dla cz\u0142owieka, nie toksycznym. Odporny na kwasy, t\u0142uszcze, sole. Nie poch\u0142ania&hellip;&nbsp;Read More &raquo;Druk 3D\" \/>\n<meta property=\"og:url\" content=\"https:\/\/tokajsystem.pl\/index.php\/druk-3d\/\" \/>\n<meta property=\"og:site_name\" content=\"TOKAJ SYSTEM\" \/>\n<meta property=\"article:modified_time\" content=\"2023-02-21T18:51:47+00:00\" \/>\n<meta name=\"twitter:card\" content=\"summary_large_image\" \/>\n<meta name=\"twitter:label1\" content=\"Est. reading time\" \/>\n\t<meta name=\"twitter:data1\" content=\"2 minutes\" \/>\n<script type=\"application\/ld+json\" class=\"yoast-schema-graph\">{\"@context\":\"https:\/\/schema.org\",\"@graph\":[{\"@type\":\"WebPage\",\"@id\":\"https:\/\/tokajsystem.pl\/index.php\/druk-3d\/\",\"url\":\"https:\/\/tokajsystem.pl\/index.php\/druk-3d\/\",\"name\":\"Druk 3D - TOKAJ SYSTEM\",\"isPartOf\":{\"@id\":\"https:\/\/tokajsystem.pl\/#website\"},\"datePublished\":\"2022-07-09T18:48:42+00:00\",\"dateModified\":\"2023-02-21T18:51:47+00:00\",\"breadcrumb\":{\"@id\":\"https:\/\/tokajsystem.pl\/index.php\/druk-3d\/#breadcrumb\"},\"inLanguage\":\"en-US\",\"potentialAction\":[{\"@type\":\"ReadAction\",\"target\":[\"https:\/\/tokajsystem.pl\/index.php\/druk-3d\/\"]}]},{\"@type\":\"BreadcrumbList\",\"@id\":\"https:\/\/tokajsystem.pl\/index.php\/druk-3d\/#breadcrumb\",\"itemListElement\":[{\"@type\":\"ListItem\",\"position\":1,\"name\":\"Strona g\u0142\u00f3wna\",\"item\":\"https:\/\/tokajsystem.pl\/\"},{\"@type\":\"ListItem\",\"position\":2,\"name\":\"Druk 3D\"}]},{\"@type\":\"WebSite\",\"@id\":\"https:\/\/tokajsystem.pl\/#website\",\"url\":\"https:\/\/tokajsystem.pl\/\",\"name\":\"TOKAJ SYSTEM\",\"description\":\"\",\"publisher\":{\"@id\":\"https:\/\/tokajsystem.pl\/#organization\"},\"potentialAction\":[{\"@type\":\"SearchAction\",\"target\":{\"@type\":\"EntryPoint\",\"urlTemplate\":\"https:\/\/tokajsystem.pl\/?s={search_term_string}\"},\"query-input\":\"required name=search_term_string\"}],\"inLanguage\":\"en-US\"},{\"@type\":\"Organization\",\"@id\":\"https:\/\/tokajsystem.pl\/#organization\",\"name\":\"TOKAJ SYSTEM\",\"url\":\"https:\/\/tokajsystem.pl\/\",\"logo\":{\"@type\":\"ImageObject\",\"inLanguage\":\"en-US\",\"@id\":\"https:\/\/tokajsystem.pl\/#\/schema\/logo\/image\/\",\"url\":\"https:\/\/tokajsystem.pl\/wp-content\/uploads\/2022\/07\/logo-agency.png\",\"contentUrl\":\"https:\/\/tokajsystem.pl\/wp-content\/uploads\/2022\/07\/logo-agency.png\",\"width\":200,\"height\":200,\"caption\":\"TOKAJ SYSTEM\"},\"image\":{\"@id\":\"https:\/\/tokajsystem.pl\/#\/schema\/logo\/image\/\"}}]}<\/script>\n<!-- \/ Yoast SEO plugin. -->","yoast_head_json":{"title":"Druk 3D - TOKAJ SYSTEM","robots":{"index":"index","follow":"follow","max-snippet":"max-snippet:-1","max-image-preview":"max-image-preview:large","max-video-preview":"max-video-preview:-1"},"canonical":"https:\/\/tokajsystem.pl\/index.php\/druk-3d\/","og_locale":"en_US","og_type":"article","og_title":"Druk 3D - TOKAJ SYSTEM","og_description":"Tokaj System oferuje druk 3D z wykorzystaniem technologii FDM oraz DLP. Technologia ta wykorzystuje materia\u0142y termotopliwe o zr\u00f3\u017cnicowanych w\u0142a\u015bciwo\u015bciach fizycznych. Najbardziej rozpowszechniona metoda druku 3D pozwala na tworzenie modeli 3D z r\u00f3\u017cnych materia\u0142\u00f3w takich jak : ABS &#8211; jest twardym i udarnym materia\u0142em bezpiecznym dla cz\u0142owieka, nie toksycznym. Odporny na kwasy, t\u0142uszcze, sole. Nie poch\u0142ania&hellip;&nbsp;Read More &raquo;Druk 3D","og_url":"https:\/\/tokajsystem.pl\/index.php\/druk-3d\/","og_site_name":"TOKAJ SYSTEM","article_modified_time":"2023-02-21T18:51:47+00:00","twitter_card":"summary_large_image","twitter_misc":{"Est. reading time":"2 minutes"},"schema":{"@context":"https:\/\/schema.org","@graph":[{"@type":"WebPage","@id":"https:\/\/tokajsystem.pl\/index.php\/druk-3d\/","url":"https:\/\/tokajsystem.pl\/index.php\/druk-3d\/","name":"Druk 3D - TOKAJ SYSTEM","isPartOf":{"@id":"https:\/\/tokajsystem.pl\/#website"},"datePublished":"2022-07-09T18:48:42+00:00","dateModified":"2023-02-21T18:51:47+00:00","breadcrumb":{"@id":"https:\/\/tokajsystem.pl\/index.php\/druk-3d\/#breadcrumb"},"inLanguage":"en-US","potentialAction":[{"@type":"ReadAction","target":["https:\/\/tokajsystem.pl\/index.php\/druk-3d\/"]}]},{"@type":"BreadcrumbList","@id":"https:\/\/tokajsystem.pl\/index.php\/druk-3d\/#breadcrumb","itemListElement":[{"@type":"ListItem","position":1,"name":"Strona g\u0142\u00f3wna","item":"https:\/\/tokajsystem.pl\/"},{"@type":"ListItem","position":2,"name":"Druk 3D"}]},{"@type":"WebSite","@id":"https:\/\/tokajsystem.pl\/#website","url":"https:\/\/tokajsystem.pl\/","name":"TOKAJ SYSTEM","description":"","publisher":{"@id":"https:\/\/tokajsystem.pl\/#organization"},"potentialAction":[{"@type":"SearchAction","target":{"@type":"EntryPoint","urlTemplate":"https:\/\/tokajsystem.pl\/?s={search_term_string}"},"query-input":"required name=search_term_string"}],"inLanguage":"en-US"},{"@type":"Organization","@id":"https:\/\/tokajsystem.pl\/#organization","name":"TOKAJ SYSTEM","url":"https:\/\/tokajsystem.pl\/","logo":{"@type":"ImageObject","inLanguage":"en-US","@id":"https:\/\/tokajsystem.pl\/#\/schema\/logo\/image\/","url":"https:\/\/tokajsystem.pl\/wp-content\/uploads\/2022\/07\/logo-agency.png","contentUrl":"https:\/\/tokajsystem.pl\/wp-content\/uploads\/2022\/07\/logo-agency.png","width":200,"height":200,"caption":"TOKAJ SYSTEM"},"image":{"@id":"https:\/\/tokajsystem.pl\/#\/schema\/logo\/image\/"}}]}},"_links":{"self":[{"href":"https:\/\/tokajsystem.pl\/index.php\/wp-json\/wp\/v2\/pages\/42","targetHints":{"allow":["GET"]}}],"collection":[{"href":"https:\/\/tokajsystem.pl\/index.php\/wp-json\/wp\/v2\/pages"}],"about":[{"href":"https:\/\/tokajsystem.pl\/index.php\/wp-json\/wp\/v2\/types\/page"}],"author":[{"embeddable":true,"href":"https:\/\/tokajsystem.pl\/index.php\/wp-json\/wp\/v2\/users\/2"}],"replies":[{"embeddable":true,"href":"https:\/\/tokajsystem.pl\/index.php\/wp-json\/wp\/v2\/comments?post=42"}],"version-history":[{"count":8,"href":"https:\/\/tokajsystem.pl\/index.php\/wp-json\/wp\/v2\/pages\/42\/revisions"}],"predecessor-version":[{"id":151,"href":"https:\/\/tokajsystem.pl\/index.php\/wp-json\/wp\/v2\/pages\/42\/revisions\/151"}],"wp:attachment":[{"href":"https:\/\/tokajsystem.pl\/index.php\/wp-json\/wp\/v2\/media?parent=42"}],"curies":[{"name":"wp","href":"https:\/\/api.w.org\/{rel}","templated":true}]}}