{"id":56,"date":"2022-07-18T08:16:44","date_gmt":"2022-07-18T08:16:44","guid":{"rendered":"http:\/\/tokajsystem.pl\/?page_id=56"},"modified":"2023-02-26T14:12:24","modified_gmt":"2023-02-26T14:12:24","slug":"naprawy-maszyn","status":"publish","type":"page","link":"https:\/\/tokajsystem.pl\/index.php\/naprawy-maszyn\/","title":{"rendered":"Naprawy maszyn"},"content":{"rendered":"\n<p><\/p>\n\n\n\n<div class=\"wp-block-media-text alignwide has-media-on-the-right is-stacked-on-mobile\"><div class=\"wp-block-media-text__content\">\n<p>Tokaj System oferuje bie\u017c\u0105c\u0105 napraw\u0119 maszyn i urz\u0105dze\u0144 przemys\u0142owych takich jak :<\/p>\n\n\n\n<ul class=\"wp-block-list\">\n<li>obrabiarki CNC<\/li>\n\n\n\n<li>prasy zadaniowe<\/li>\n\n\n\n<li>wykrawarki CNC<\/li>\n\n\n\n<li>prasy kraw\u0119dziowe<\/li>\n\n\n\n<li>frezarki<\/li>\n\n\n\n<li>tokarki<\/li>\n\n\n\n<li>szlifierki<\/li>\n\n\n\n<li>pi\u0142y<\/li>\n\n\n\n<li>ta\u015bmoci\u0105gi<\/li>\n\n\n\n<li>linie produkcyjne<\/li>\n<\/ul>\n<\/div><figure class=\"wp-block-media-text__media\"><img loading=\"lazy\" decoding=\"async\" width=\"770\" height=\"360\" src=\"http:\/\/tokajsystem.pl\/wp-content\/uploads\/2022\/07\/eger.jpeg\" alt=\"\" class=\"wp-image-77 size-full\" srcset=\"https:\/\/tokajsystem.pl\/wp-content\/uploads\/2022\/07\/eger.jpeg 770w, https:\/\/tokajsystem.pl\/wp-content\/uploads\/2022\/07\/eger-300x140.jpeg 300w, https:\/\/tokajsystem.pl\/wp-content\/uploads\/2022\/07\/eger-768x359.jpeg 768w\" sizes=\"auto, (max-width: 770px) 100vw, 770px\" \/><\/figure><\/div>\n\n\n\n<p>Naprawy obejmuj\u0105 elementy mechaniczne, kt\u00f3re zosta\u0142y uszkodzone lub uleg\u0142y zu\u017cyciu. Dysponujemy mo\u017cliwo\u015bciami wykonania detali wykorzystywanych w wy\u017cej wymienianych urz\u0105dzeniach w oparciu o stary element lub dokumentacj\u0119 techniczn\u0105. <\/p>\n\n\n\n<p>Naprawy w zakresie uk\u0142ad\u00f3w sterowania opartych o przeka\u017aniki i styczniki oraz najnowsze sterowniki PLC firmy Simens, Mitsubishi, Omron, Delta, Iton, Unitronix i inne.  Wymiana element\u00f3w zu\u017cytych element\u00f3w lub ewentualna naprawa. <\/p>\n\n\n\n<p>Nawi\u0105zanie wsp\u00f3\u0142pracy prosz\u0119 zg\u0142asza\u0107 poprzez formularz zg\u0142oszenia.<\/p>\n","protected":false},"excerpt":{"rendered":"<p>Naprawy obejmuj\u0105 elementy mechaniczne, kt\u00f3re zosta\u0142y uszkodzone lub uleg\u0142y zu\u017cyciu. Dysponujemy mo\u017cliwo\u015bciami wykonania detali wykorzystywanych w wy\u017cej wymienianych urz\u0105dzeniach w oparciu o stary element lub dokumentacj\u0119 techniczn\u0105. Naprawy w zakresie uk\u0142ad\u00f3w sterowania opartych o przeka\u017aniki i styczniki oraz najnowsze sterowniki PLC firmy Simens, Mitsubishi, Omron, Delta, Iton, Unitronix i inne. Wymiana element\u00f3w zu\u017cytych element\u00f3w lub&hellip;&nbsp;<a href=\"https:\/\/tokajsystem.pl\/index.php\/naprawy-maszyn\/\" class=\"\" rel=\"bookmark\">Read More &raquo;<span class=\"screen-reader-text\">Naprawy maszyn<\/span><\/a><\/p>\n","protected":false},"author":2,"featured_media":0,"parent":0,"menu_order":0,"comment_status":"closed","ping_status":"closed","template":"","meta":{"neve_meta_sidebar":"","neve_meta_container":"","neve_meta_enable_content_width":"","neve_meta_content_width":0,"neve_meta_title_alignment":"","neve_meta_author_avatar":"","neve_post_elements_order":"","neve_meta_disable_header":"","neve_meta_disable_footer":"","neve_meta_disable_title":"","footnotes":""},"class_list":["post-56","page","type-page","status-publish","hentry"],"yoast_head":"<!-- This site is optimized with the Yoast SEO plugin v22.0 - https:\/\/yoast.com\/wordpress\/plugins\/seo\/ -->\n<title>Naprawy maszyn - TOKAJ SYSTEM<\/title>\n<meta name=\"robots\" content=\"index, follow, max-snippet:-1, max-image-preview:large, max-video-preview:-1\" \/>\n<link rel=\"canonical\" href=\"https:\/\/tokajsystem.pl\/index.php\/naprawy-maszyn\/\" \/>\n<meta property=\"og:locale\" content=\"en_US\" \/>\n<meta property=\"og:type\" content=\"article\" \/>\n<meta property=\"og:title\" content=\"Naprawy maszyn - TOKAJ SYSTEM\" \/>\n<meta property=\"og:description\" content=\"Naprawy obejmuj\u0105 elementy mechaniczne, kt\u00f3re zosta\u0142y uszkodzone lub uleg\u0142y zu\u017cyciu. Dysponujemy mo\u017cliwo\u015bciami wykonania detali wykorzystywanych w wy\u017cej wymienianych urz\u0105dzeniach w oparciu o stary element lub dokumentacj\u0119 techniczn\u0105. Naprawy w zakresie uk\u0142ad\u00f3w sterowania opartych o przeka\u017aniki i styczniki oraz najnowsze sterowniki PLC firmy Simens, Mitsubishi, Omron, Delta, Iton, Unitronix i inne. Wymiana element\u00f3w zu\u017cytych element\u00f3w lub&hellip;&nbsp;Read More &raquo;Naprawy maszyn\" \/>\n<meta property=\"og:url\" content=\"https:\/\/tokajsystem.pl\/index.php\/naprawy-maszyn\/\" \/>\n<meta property=\"og:site_name\" content=\"TOKAJ SYSTEM\" \/>\n<meta property=\"article:modified_time\" content=\"2023-02-26T14:12:24+00:00\" \/>\n<meta property=\"og:image\" content=\"http:\/\/tokajsystem.pl\/wp-content\/uploads\/2022\/07\/eger.jpeg\" \/>\n<meta name=\"twitter:card\" content=\"summary_large_image\" \/>\n<meta name=\"twitter:label1\" content=\"Est. reading time\" \/>\n\t<meta name=\"twitter:data1\" content=\"1 minute\" \/>\n<script type=\"application\/ld+json\" class=\"yoast-schema-graph\">{\"@context\":\"https:\/\/schema.org\",\"@graph\":[{\"@type\":\"WebPage\",\"@id\":\"https:\/\/tokajsystem.pl\/index.php\/naprawy-maszyn\/\",\"url\":\"https:\/\/tokajsystem.pl\/index.php\/naprawy-maszyn\/\",\"name\":\"Naprawy maszyn - TOKAJ SYSTEM\",\"isPartOf\":{\"@id\":\"https:\/\/tokajsystem.pl\/#website\"},\"datePublished\":\"2022-07-18T08:16:44+00:00\",\"dateModified\":\"2023-02-26T14:12:24+00:00\",\"breadcrumb\":{\"@id\":\"https:\/\/tokajsystem.pl\/index.php\/naprawy-maszyn\/#breadcrumb\"},\"inLanguage\":\"en-US\",\"potentialAction\":[{\"@type\":\"ReadAction\",\"target\":[\"https:\/\/tokajsystem.pl\/index.php\/naprawy-maszyn\/\"]}]},{\"@type\":\"BreadcrumbList\",\"@id\":\"https:\/\/tokajsystem.pl\/index.php\/naprawy-maszyn\/#breadcrumb\",\"itemListElement\":[{\"@type\":\"ListItem\",\"position\":1,\"name\":\"Strona g\u0142\u00f3wna\",\"item\":\"https:\/\/tokajsystem.pl\/\"},{\"@type\":\"ListItem\",\"position\":2,\"name\":\"Naprawy maszyn\"}]},{\"@type\":\"WebSite\",\"@id\":\"https:\/\/tokajsystem.pl\/#website\",\"url\":\"https:\/\/tokajsystem.pl\/\",\"name\":\"TOKAJ SYSTEM\",\"description\":\"\",\"publisher\":{\"@id\":\"https:\/\/tokajsystem.pl\/#organization\"},\"potentialAction\":[{\"@type\":\"SearchAction\",\"target\":{\"@type\":\"EntryPoint\",\"urlTemplate\":\"https:\/\/tokajsystem.pl\/?s={search_term_string}\"},\"query-input\":\"required name=search_term_string\"}],\"inLanguage\":\"en-US\"},{\"@type\":\"Organization\",\"@id\":\"https:\/\/tokajsystem.pl\/#organization\",\"name\":\"TOKAJ SYSTEM\",\"url\":\"https:\/\/tokajsystem.pl\/\",\"logo\":{\"@type\":\"ImageObject\",\"inLanguage\":\"en-US\",\"@id\":\"https:\/\/tokajsystem.pl\/#\/schema\/logo\/image\/\",\"url\":\"https:\/\/tokajsystem.pl\/wp-content\/uploads\/2022\/07\/logo-agency.png\",\"contentUrl\":\"https:\/\/tokajsystem.pl\/wp-content\/uploads\/2022\/07\/logo-agency.png\",\"width\":200,\"height\":200,\"caption\":\"TOKAJ SYSTEM\"},\"image\":{\"@id\":\"https:\/\/tokajsystem.pl\/#\/schema\/logo\/image\/\"}}]}<\/script>\n<!-- \/ Yoast SEO plugin. -->","yoast_head_json":{"title":"Naprawy maszyn - TOKAJ SYSTEM","robots":{"index":"index","follow":"follow","max-snippet":"max-snippet:-1","max-image-preview":"max-image-preview:large","max-video-preview":"max-video-preview:-1"},"canonical":"https:\/\/tokajsystem.pl\/index.php\/naprawy-maszyn\/","og_locale":"en_US","og_type":"article","og_title":"Naprawy maszyn - TOKAJ SYSTEM","og_description":"Naprawy obejmuj\u0105 elementy mechaniczne, kt\u00f3re zosta\u0142y uszkodzone lub uleg\u0142y zu\u017cyciu. Dysponujemy mo\u017cliwo\u015bciami wykonania detali wykorzystywanych w wy\u017cej wymienianych urz\u0105dzeniach w oparciu o stary element lub dokumentacj\u0119 techniczn\u0105. Naprawy w zakresie uk\u0142ad\u00f3w sterowania opartych o przeka\u017aniki i styczniki oraz najnowsze sterowniki PLC firmy Simens, Mitsubishi, Omron, Delta, Iton, Unitronix i inne. Wymiana element\u00f3w zu\u017cytych element\u00f3w lub&hellip;&nbsp;Read More &raquo;Naprawy maszyn","og_url":"https:\/\/tokajsystem.pl\/index.php\/naprawy-maszyn\/","og_site_name":"TOKAJ SYSTEM","article_modified_time":"2023-02-26T14:12:24+00:00","og_image":[{"url":"http:\/\/tokajsystem.pl\/wp-content\/uploads\/2022\/07\/eger.jpeg"}],"twitter_card":"summary_large_image","twitter_misc":{"Est. reading time":"1 minute"},"schema":{"@context":"https:\/\/schema.org","@graph":[{"@type":"WebPage","@id":"https:\/\/tokajsystem.pl\/index.php\/naprawy-maszyn\/","url":"https:\/\/tokajsystem.pl\/index.php\/naprawy-maszyn\/","name":"Naprawy maszyn - TOKAJ SYSTEM","isPartOf":{"@id":"https:\/\/tokajsystem.pl\/#website"},"datePublished":"2022-07-18T08:16:44+00:00","dateModified":"2023-02-26T14:12:24+00:00","breadcrumb":{"@id":"https:\/\/tokajsystem.pl\/index.php\/naprawy-maszyn\/#breadcrumb"},"inLanguage":"en-US","potentialAction":[{"@type":"ReadAction","target":["https:\/\/tokajsystem.pl\/index.php\/naprawy-maszyn\/"]}]},{"@type":"BreadcrumbList","@id":"https:\/\/tokajsystem.pl\/index.php\/naprawy-maszyn\/#breadcrumb","itemListElement":[{"@type":"ListItem","position":1,"name":"Strona g\u0142\u00f3wna","item":"https:\/\/tokajsystem.pl\/"},{"@type":"ListItem","position":2,"name":"Naprawy maszyn"}]},{"@type":"WebSite","@id":"https:\/\/tokajsystem.pl\/#website","url":"https:\/\/tokajsystem.pl\/","name":"TOKAJ SYSTEM","description":"","publisher":{"@id":"https:\/\/tokajsystem.pl\/#organization"},"potentialAction":[{"@type":"SearchAction","target":{"@type":"EntryPoint","urlTemplate":"https:\/\/tokajsystem.pl\/?s={search_term_string}"},"query-input":"required name=search_term_string"}],"inLanguage":"en-US"},{"@type":"Organization","@id":"https:\/\/tokajsystem.pl\/#organization","name":"TOKAJ SYSTEM","url":"https:\/\/tokajsystem.pl\/","logo":{"@type":"ImageObject","inLanguage":"en-US","@id":"https:\/\/tokajsystem.pl\/#\/schema\/logo\/image\/","url":"https:\/\/tokajsystem.pl\/wp-content\/uploads\/2022\/07\/logo-agency.png","contentUrl":"https:\/\/tokajsystem.pl\/wp-content\/uploads\/2022\/07\/logo-agency.png","width":200,"height":200,"caption":"TOKAJ SYSTEM"},"image":{"@id":"https:\/\/tokajsystem.pl\/#\/schema\/logo\/image\/"}}]}},"_links":{"self":[{"href":"https:\/\/tokajsystem.pl\/index.php\/wp-json\/wp\/v2\/pages\/56","targetHints":{"allow":["GET"]}}],"collection":[{"href":"https:\/\/tokajsystem.pl\/index.php\/wp-json\/wp\/v2\/pages"}],"about":[{"href":"https:\/\/tokajsystem.pl\/index.php\/wp-json\/wp\/v2\/types\/page"}],"author":[{"embeddable":true,"href":"https:\/\/tokajsystem.pl\/index.php\/wp-json\/wp\/v2\/users\/2"}],"replies":[{"embeddable":true,"href":"https:\/\/tokajsystem.pl\/index.php\/wp-json\/wp\/v2\/comments?post=56"}],"version-history":[{"count":6,"href":"https:\/\/tokajsystem.pl\/index.php\/wp-json\/wp\/v2\/pages\/56\/revisions"}],"predecessor-version":[{"id":174,"href":"https:\/\/tokajsystem.pl\/index.php\/wp-json\/wp\/v2\/pages\/56\/revisions\/174"}],"wp:attachment":[{"href":"https:\/\/tokajsystem.pl\/index.php\/wp-json\/wp\/v2\/media?parent=56"}],"curies":[{"name":"wp","href":"https:\/\/api.w.org\/{rel}","templated":true}]}}