{"id":9,"date":"2022-07-09T18:04:34","date_gmt":"2022-07-09T18:04:34","guid":{"rendered":"http:\/\/tokajsystem.pl\/?page_id=9"},"modified":"2023-02-26T14:07:15","modified_gmt":"2023-02-26T14:07:15","slug":"strona-glowna","status":"publish","type":"page","link":"https:\/\/tokajsystem.pl\/","title":{"rendered":"Strona g\u0142\u00f3wna"},"content":{"rendered":"\n<p><\/p>\n\n\n\n<p><\/p>\n\n\n\n<div class=\"wp-block-cover alignfull\" style=\"min-height:600px;aspect-ratio:unset;\"><span aria-hidden=\"true\" class=\"wp-block-cover__background has-nv-light-bg-background-color has-background-dim-100 has-background-dim\"><\/span><div class=\"wp-block-cover__inner-container is-layout-flow wp-block-cover-is-layout-flow\">\n<div class=\"wp-block-group\"><div class=\"wp-block-group__inner-container is-layout-flow wp-block-group-is-layout-flow\">\n<div style=\"height:80px\" aria-hidden=\"true\" class=\"wp-block-spacer\"><\/div>\n\n\n\n<div class=\"wp-block-columns are-vertically-aligned-center is-layout-flex wp-container-core-columns-is-layout-9d6595d7 wp-block-columns-is-layout-flex\">\n<div class=\"wp-block-column is-vertically-aligned-center is-layout-flow wp-block-column-is-layout-flow\" style=\"flex-basis:50%\">\n<figure class=\"wp-block-image size-full\"><img loading=\"lazy\" decoding=\"async\" width=\"770\" height=\"357\" src=\"http:\/\/tokajsystem.pl\/wp-content\/uploads\/2022\/07\/eger-edited-1.jpeg\" alt=\"\" class=\"wp-image-94\" srcset=\"https:\/\/tokajsystem.pl\/wp-content\/uploads\/2022\/07\/eger-edited-1.jpeg 770w, https:\/\/tokajsystem.pl\/wp-content\/uploads\/2022\/07\/eger-edited-1-300x139.jpeg 300w, https:\/\/tokajsystem.pl\/wp-content\/uploads\/2022\/07\/eger-edited-1-768x356.jpeg 768w\" sizes=\"auto, (max-width: 770px) 100vw, 770px\" \/><\/figure>\n<\/div>\n\n\n\n<div class=\"wp-block-column is-vertically-aligned-center is-layout-flow wp-block-column-is-layout-flow\" style=\"flex-basis:50%\">\n<div style=\"height:20px\" aria-hidden=\"true\" class=\"wp-block-spacer\"><\/div>\n\n\n\n<h2 class=\"has-text-align-left has-nv-dark-bg-color has-text-color wp-block-heading\">Naprawy <br>i modernizacje maszyn przemys\u0142owych<\/h2>\n\n\n\n<p class=\"has-nv-dark-bg-color has-text-color\">Naprawy uk\u0142ad\u00f3w sterowaia i modernizacje starych uk\u0142ad\u00f3w <\/p>\n\n\n\n<div class=\"wp-block-buttons is-content-justification-left is-layout-flex wp-container-core-buttons-is-layout-fdcfc74e wp-block-buttons-is-layout-flex\">\n<div class=\"wp-block-button is-style-primary\"><a class=\"wp-block-button__link wp-element-button\" href=\"https:\/\/tokajsystem.pl\/index.php\/naprawy-maszyn\/\">Czytaj wi\u0119cej<\/a><\/div>\n<\/div>\n\n\n\n<p class=\"has-text-align-left has-neve-text-color-color has-text-color\" style=\"font-size:17px\"><\/p>\n<\/div>\n<\/div>\n\n\n\n<div style=\"height:40px\" aria-hidden=\"true\" class=\"wp-block-spacer\"><\/div>\n<\/div><\/div>\n<\/div><\/div>\n\n\n\n<div class=\"wp-block-cover alignfull\" style=\"min-height:600px;aspect-ratio:unset;\"><span aria-hidden=\"true\" class=\"wp-block-cover__background has-nv-site-bg-background-color has-background-dim-100 has-background-dim\"><\/span><div class=\"wp-block-cover__inner-container is-layout-flow wp-block-cover-is-layout-flow\">\n<div class=\"wp-block-group\"><div class=\"wp-block-group__inner-container is-layout-flow wp-block-group-is-layout-flow\">\n<div style=\"height:80px\" aria-hidden=\"true\" class=\"wp-block-spacer\"><\/div>\n\n\n\n<div class=\"wp-block-columns are-vertically-aligned-center is-layout-flex wp-container-core-columns-is-layout-9d6595d7 wp-block-columns-is-layout-flex\">\n<div class=\"wp-block-column is-vertically-aligned-center is-layout-flow wp-block-column-is-layout-flow\" style=\"flex-basis:50%\">\n<h2 class=\"has-text-align-left has-neve-text-color-color has-text-color wp-block-heading\">Druk 3D<\/h2>\n\n\n\n<p class=\"has-text-align-left has-neve-text-color-color has-text-color\" style=\"font-size:17px\"><\/p>\n\n\n\n<div class=\"wp-block-buttons is-content-justification-left is-layout-flex wp-container-core-buttons-is-layout-fdcfc74e wp-block-buttons-is-layout-flex\">\n<div class=\"wp-block-button is-style-primary\"><a class=\"wp-block-button__link wp-element-button\" href=\"https:\/\/tokajsystem.pl\/index.php\/druk-3d\/\">Czytaj wi\u0119cej<\/a><\/div>\n<\/div>\n\n\n\n<div style=\"height:40px\" aria-hidden=\"true\" class=\"wp-block-spacer\"><\/div>\n<\/div>\n\n\n\n<div class=\"wp-block-column is-vertically-aligned-center is-layout-flow wp-block-column-is-layout-flow\" style=\"flex-basis:50%\">\n<figure class=\"wp-block-image size-large\"><img loading=\"lazy\" decoding=\"async\" width=\"1024\" height=\"686\" src=\"http:\/\/tokajsystem.pl\/wp-content\/uploads\/2022\/07\/drukarka3d-1024x686.jpg\" alt=\"\" class=\"wp-image-76\" srcset=\"https:\/\/tokajsystem.pl\/wp-content\/uploads\/2022\/07\/drukarka3d-1024x686.jpg 1024w, https:\/\/tokajsystem.pl\/wp-content\/uploads\/2022\/07\/drukarka3d-300x201.jpg 300w, https:\/\/tokajsystem.pl\/wp-content\/uploads\/2022\/07\/drukarka3d-768x514.jpg 768w, https:\/\/tokajsystem.pl\/wp-content\/uploads\/2022\/07\/drukarka3d-1536x1028.jpg 1536w, https:\/\/tokajsystem.pl\/wp-content\/uploads\/2022\/07\/drukarka3d.jpg 1685w\" sizes=\"auto, (max-width: 1024px) 100vw, 1024px\" \/><\/figure>\n<\/div>\n<\/div>\n\n\n\n<div style=\"height:40px\" aria-hidden=\"true\" class=\"wp-block-spacer\"><\/div>\n<\/div><\/div>\n<\/div><\/div>\n\n\n\n<div style=\"height:40px\" aria-hidden=\"true\" class=\"wp-block-spacer\"><\/div>\n\n\n\n<div class=\"wp-block-buttons is-layout-flex wp-block-buttons-is-layout-flex\"><\/div>\n","protected":false},"excerpt":{"rendered":"","protected":false},"author":2,"featured_media":0,"parent":0,"menu_order":0,"comment_status":"closed","ping_status":"closed","template":"","meta":{"neve_meta_sidebar":"","neve_meta_container":"","neve_meta_enable_content_width":"on","neve_meta_content_width":100,"neve_meta_title_alignment":"","neve_meta_author_avatar":"","neve_post_elements_order":"","neve_meta_disable_header":"","neve_meta_disable_footer":"","neve_meta_disable_title":"on","footnotes":""},"class_list":["post-9","page","type-page","status-publish","hentry"],"yoast_head":"<!-- This site is optimized with the Yoast SEO plugin v22.0 - https:\/\/yoast.com\/wordpress\/plugins\/seo\/ -->\n<title>Strona g\u0142\u00f3wna - TOKAJ SYSTEM<\/title>\n<meta name=\"robots\" content=\"index, follow, max-snippet:-1, max-image-preview:large, max-video-preview:-1\" \/>\n<link rel=\"canonical\" href=\"https:\/\/tokajsystem.pl\/\" \/>\n<meta property=\"og:locale\" content=\"en_US\" \/>\n<meta property=\"og:type\" content=\"article\" \/>\n<meta property=\"og:title\" content=\"Strona g\u0142\u00f3wna - TOKAJ SYSTEM\" \/>\n<meta property=\"og:url\" content=\"https:\/\/tokajsystem.pl\/\" \/>\n<meta property=\"og:site_name\" content=\"TOKAJ SYSTEM\" \/>\n<meta property=\"article:modified_time\" content=\"2023-02-26T14:07:15+00:00\" \/>\n<meta property=\"og:image\" content=\"http:\/\/tokajsystem.pl\/wp-content\/uploads\/2022\/07\/eger-edited-1.jpeg\" \/>\n<meta name=\"twitter:card\" content=\"summary_large_image\" \/>\n<meta name=\"twitter:label1\" content=\"Est. reading time\" \/>\n\t<meta name=\"twitter:data1\" content=\"1 minute\" \/>\n<script type=\"application\/ld+json\" class=\"yoast-schema-graph\">{\"@context\":\"https:\/\/schema.org\",\"@graph\":[{\"@type\":\"WebPage\",\"@id\":\"https:\/\/tokajsystem.pl\/\",\"url\":\"https:\/\/tokajsystem.pl\/\",\"name\":\"Strona g\u0142\u00f3wna - TOKAJ SYSTEM\",\"isPartOf\":{\"@id\":\"https:\/\/tokajsystem.pl\/#website\"},\"datePublished\":\"2022-07-09T18:04:34+00:00\",\"dateModified\":\"2023-02-26T14:07:15+00:00\",\"breadcrumb\":{\"@id\":\"https:\/\/tokajsystem.pl\/#breadcrumb\"},\"inLanguage\":\"en-US\",\"potentialAction\":[{\"@type\":\"ReadAction\",\"target\":[\"https:\/\/tokajsystem.pl\/\"]}]},{\"@type\":\"BreadcrumbList\",\"@id\":\"https:\/\/tokajsystem.pl\/#breadcrumb\",\"itemListElement\":[{\"@type\":\"ListItem\",\"position\":1,\"name\":\"Strona g\u0142\u00f3wna\",\"item\":\"https:\/\/tokajsystem.pl\/\"},{\"@type\":\"ListItem\",\"position\":2,\"name\":\"Strona g\u0142\u00f3wna\"}]},{\"@type\":\"WebSite\",\"@id\":\"https:\/\/tokajsystem.pl\/#website\",\"url\":\"https:\/\/tokajsystem.pl\/\",\"name\":\"TOKAJ SYSTEM\",\"description\":\"\",\"publisher\":{\"@id\":\"https:\/\/tokajsystem.pl\/#organization\"},\"potentialAction\":[{\"@type\":\"SearchAction\",\"target\":{\"@type\":\"EntryPoint\",\"urlTemplate\":\"https:\/\/tokajsystem.pl\/?s={search_term_string}\"},\"query-input\":\"required name=search_term_string\"}],\"inLanguage\":\"en-US\"},{\"@type\":\"Organization\",\"@id\":\"https:\/\/tokajsystem.pl\/#organization\",\"name\":\"TOKAJ SYSTEM\",\"url\":\"https:\/\/tokajsystem.pl\/\",\"logo\":{\"@type\":\"ImageObject\",\"inLanguage\":\"en-US\",\"@id\":\"https:\/\/tokajsystem.pl\/#\/schema\/logo\/image\/\",\"url\":\"https:\/\/tokajsystem.pl\/wp-content\/uploads\/2022\/07\/logo-agency.png\",\"contentUrl\":\"https:\/\/tokajsystem.pl\/wp-content\/uploads\/2022\/07\/logo-agency.png\",\"width\":200,\"height\":200,\"caption\":\"TOKAJ SYSTEM\"},\"image\":{\"@id\":\"https:\/\/tokajsystem.pl\/#\/schema\/logo\/image\/\"}}]}<\/script>\n<!-- \/ Yoast SEO plugin. -->","yoast_head_json":{"title":"Strona g\u0142\u00f3wna - TOKAJ SYSTEM","robots":{"index":"index","follow":"follow","max-snippet":"max-snippet:-1","max-image-preview":"max-image-preview:large","max-video-preview":"max-video-preview:-1"},"canonical":"https:\/\/tokajsystem.pl\/","og_locale":"en_US","og_type":"article","og_title":"Strona g\u0142\u00f3wna - TOKAJ SYSTEM","og_url":"https:\/\/tokajsystem.pl\/","og_site_name":"TOKAJ SYSTEM","article_modified_time":"2023-02-26T14:07:15+00:00","og_image":[{"url":"http:\/\/tokajsystem.pl\/wp-content\/uploads\/2022\/07\/eger-edited-1.jpeg"}],"twitter_card":"summary_large_image","twitter_misc":{"Est. reading time":"1 minute"},"schema":{"@context":"https:\/\/schema.org","@graph":[{"@type":"WebPage","@id":"https:\/\/tokajsystem.pl\/","url":"https:\/\/tokajsystem.pl\/","name":"Strona g\u0142\u00f3wna - TOKAJ SYSTEM","isPartOf":{"@id":"https:\/\/tokajsystem.pl\/#website"},"datePublished":"2022-07-09T18:04:34+00:00","dateModified":"2023-02-26T14:07:15+00:00","breadcrumb":{"@id":"https:\/\/tokajsystem.pl\/#breadcrumb"},"inLanguage":"en-US","potentialAction":[{"@type":"ReadAction","target":["https:\/\/tokajsystem.pl\/"]}]},{"@type":"BreadcrumbList","@id":"https:\/\/tokajsystem.pl\/#breadcrumb","itemListElement":[{"@type":"ListItem","position":1,"name":"Strona g\u0142\u00f3wna","item":"https:\/\/tokajsystem.pl\/"},{"@type":"ListItem","position":2,"name":"Strona g\u0142\u00f3wna"}]},{"@type":"WebSite","@id":"https:\/\/tokajsystem.pl\/#website","url":"https:\/\/tokajsystem.pl\/","name":"TOKAJ SYSTEM","description":"","publisher":{"@id":"https:\/\/tokajsystem.pl\/#organization"},"potentialAction":[{"@type":"SearchAction","target":{"@type":"EntryPoint","urlTemplate":"https:\/\/tokajsystem.pl\/?s={search_term_string}"},"query-input":"required name=search_term_string"}],"inLanguage":"en-US"},{"@type":"Organization","@id":"https:\/\/tokajsystem.pl\/#organization","name":"TOKAJ SYSTEM","url":"https:\/\/tokajsystem.pl\/","logo":{"@type":"ImageObject","inLanguage":"en-US","@id":"https:\/\/tokajsystem.pl\/#\/schema\/logo\/image\/","url":"https:\/\/tokajsystem.pl\/wp-content\/uploads\/2022\/07\/logo-agency.png","contentUrl":"https:\/\/tokajsystem.pl\/wp-content\/uploads\/2022\/07\/logo-agency.png","width":200,"height":200,"caption":"TOKAJ SYSTEM"},"image":{"@id":"https:\/\/tokajsystem.pl\/#\/schema\/logo\/image\/"}}]}},"_links":{"self":[{"href":"https:\/\/tokajsystem.pl\/index.php\/wp-json\/wp\/v2\/pages\/9","targetHints":{"allow":["GET"]}}],"collection":[{"href":"https:\/\/tokajsystem.pl\/index.php\/wp-json\/wp\/v2\/pages"}],"about":[{"href":"https:\/\/tokajsystem.pl\/index.php\/wp-json\/wp\/v2\/types\/page"}],"author":[{"embeddable":true,"href":"https:\/\/tokajsystem.pl\/index.php\/wp-json\/wp\/v2\/users\/2"}],"replies":[{"embeddable":true,"href":"https:\/\/tokajsystem.pl\/index.php\/wp-json\/wp\/v2\/comments?post=9"}],"version-history":[{"count":24,"href":"https:\/\/tokajsystem.pl\/index.php\/wp-json\/wp\/v2\/pages\/9\/revisions"}],"predecessor-version":[{"id":171,"href":"https:\/\/tokajsystem.pl\/index.php\/wp-json\/wp\/v2\/pages\/9\/revisions\/171"}],"wp:attachment":[{"href":"https:\/\/tokajsystem.pl\/index.php\/wp-json\/wp\/v2\/media?parent=9"}],"curies":[{"name":"wp","href":"https:\/\/api.w.org\/{rel}","templated":true}]}}